

{"id":1134,"date":"2016-09-21T14:41:28","date_gmt":"2016-09-21T12:41:28","guid":{"rendered":"https:\/\/learninglab.inria.fr\/?page_id=1134"},"modified":"2025-05-28T11:20:42","modified_gmt":"2025-05-28T09:20:42","slug":"cours","status":"publish","type":"page","link":"https:\/\/learninglab.inria.fr\/en\/cours\/","title":{"rendered":"Courses"},"content":{"rendered":"This page lists all the MOOCs produced by Inria Learning Lab and released on <a href=\"https:\/\/www.fun-mooc.fr\/\">FUN platform<\/a>. Click on the title of the MOOC to get more information. The Mooc are not all available in english.\nThe videos of some courses are available on <a href=\"https:\/\/www.canal-u.tv\/producteurs\/inria\/cours_en_ligne\">Canal-U<\/a>.\n<h2 style=\"text-align: center;\"><em><strong>MOOCs currently active and open for registration<\/strong><\/em><strong>\u00a0<\/strong><\/h2>\n\n<hr \/>\n\n<strong><img loading=\"lazy\" decoding=\"async\" class=\"alignleft size-full wp-image-815\" src=\"https:\/\/learninglab.inria.fr\/files\/2021\/04\/C036GV-Bulle-ILL.png\" alt=\"Image cours Scikit-learn\" width=\"160\" height=\"121\" \/>MOOC <a href=\"https:\/\/learninglab.inria.fr\/mooc-machine-learning-in-python-with-scikit-learn\/\">Machine learning in Python with scikit-learn<\/a> (EN)<\/strong>\nLearn the basics of machine learning and how to use the scikit-learn Python library!\n\nTeachers : Arturo Amor, Lo\u00efc Est\u00e8ve, Olivier Grisel, Guillaume Lema\u00eetre, Ga\u00ebl Varoquaux, Thomas Schmitt.\n<p style=\"padding-left: 180px;\">Session 1: From October 22 to December 19, 2018\nSession 2: From April 1 to June 13, 2019\nSession 3: From Oct. 18, 2022 to Jan. 17, 2023<strong>\nSession 4: From Nov. 8, 2023 to Nov. 7, 2024\n<\/strong><\/p>\n\n\n<hr \/>\n\n<img loading=\"lazy\" decoding=\"async\" class=\" wp-image-857 alignleft\" src=\"https:\/\/learninglab.inria.fr\/files\/2020\/10\/C048SD-rond.png\" alt=\"Image cours Pharo8\" width=\"160\" height=\"121\" \/>\n\n<strong>MOOC\u00a0<a href=\"https:\/\/learninglab.inria.fr\/en\/mooc-programmation-objet-immersive-basee-sur-pharo-v8-0\/\">Live Object Programming in Pharo<\/a> (FR\/EN)\n<\/strong> A renewed edition of the Pharo Mooc, now based on <strong>Pharo 8.0<\/strong> version of this pure object-oriented programming language and environment.\nTeachers: St\u00e9phane Ducasse, Damien Cassou and Luc Fabresse\n\n<strong>Session 1: Since November 9, 2020 <\/strong>\n\n<hr \/>\n\n<img loading=\"lazy\" decoding=\"async\" class=\" wp-image-857 alignleft\" src=\"https:\/\/learninglab.inria.fr\/files\/2020\/04\/bulle-IAI-module2.png\" alt=\"IAI-bulle-module2\" width=\"160\" height=\"121\" \/>\n\n<strong>MOOC <a href=\"https:\/\/learninglab.inria.fr\/mooc-lintelligence-artificielle-avec-intelligence\/\">L\u2019Intelligence Artificielle avec Intelligence <\/a> (FR)<\/strong>\nUne co-production Class&#8217;Code avec Inria, Magic Maker, S24B l\u2019Interactive avec la participation de 4 minutes 34, Data Bingo, Universit\u00e9 de Nantes, la Compagnie du Code et de la Ligue de l\u2019enseignement et de l\u2019ensemble des partenaires de Class\u2019Code et avec le soutien du Minist\u00e8re de l\u2019\u00c9ducation nationale et de la Jeunesse, UNIT et EducAzur.\n<p style=\"padding-left: 180px;\"><strong>Session 1: Since April 6, 2020\n<\/strong><\/p>\n\n\n<hr \/>\n\n<img loading=\"lazy\" decoding=\"async\" class=\" wp-image-857 alignleft\" src=\"https:\/\/learninglab.inria.fr\/files\/2018\/09\/rr-bulle.jpg\" alt=\"C028AL-rond-218x165\" width=\"160\" height=\"121\" \/><strong>MOOC <a href=\"https:\/\/learninglab.inria.fr\/en\/mooc-recherche-reproductible-principes-methodologiques-pour-une-science-transparente\">Reproducible Research: methodological principles for transparent science<\/a> (EN\/FR)<\/strong>\n\nTeachers : Christophe Pouzat, Arnaud Legrand and Konrad Hinsen\n<p style=\"padding-left: 180px;\">Session 1: From October 22 to December 19, 2018\nSession 2: From April 1 to June 13, 2019\n<strong>\u00a0Session 3: Since March 20, 2020\n<\/strong><\/p>\n\n\n<hr \/>\n\n<strong><img loading=\"lazy\" decoding=\"async\" class=\"alignleft size-full wp-image-815\" src=\"https:\/\/learninglab.inria.fr\/files\/2015\/10\/C020VI-Rond-218x165.png\" alt=\"C020VI-Rond-218x165\" width=\"160\" height=\"121\" srcset=\"https:\/\/learninglab.inria.fr\/files\/2015\/10\/C020VI-Rond-218x165.png 218w, https:\/\/learninglab.inria.fr\/files\/2015\/10\/C020VI-Rond-218x165-150x114.png 150w\" sizes=\"auto, (max-width: 160px) 100vw, 160px\" \/>MOOC <a href=\"https:\/\/learninglab.inria.fr\/mooc-villes-intelligentes\">D\u00e9fis technologiques des villes intelligentes participatives<\/a> (FR)<\/strong>\nTeachers : Val\u00e9rie Issarny, Nathalie Mitton, Nicolas Anciaux, St\u00e9phane Grumbach, Christine Morin, Animesh Pathak and Herv\u00e9 Rivano\n<p style=\"padding-left: 180px;\">Session 1: January 25 to March 13, 2016\nSession 2: March 6 to April 9,l 2017\nSession 3: November 6 to December 10, 2017\n<strong>\u00a0Session 4: Since May 27, 2019<\/strong><\/p>\n\n\n<hr \/>\n\n<img loading=\"lazy\" decoding=\"async\" class=\" wp-image-857 alignleft\" src=\"https:\/\/learninglab.inria.fr\/files\/2019\/01\/imagecours-SNT-bulle-v5.png\" alt=\"\" width=\"160\" height=\"121\" \/><strong>MOOC <a href=\"https:\/\/learninglab.inria.fr\/mooc-sinitier-a-lenseignement-en-sciences-numeriques-et-technologie\/\">S&#8217;initier \u00e0 l&#8217;enseignement en Sciences Num\u00e9riques et Technologie<\/a> (FR)<\/strong>\n\nTeachers : Brice Goglin, Charles Poulmaire, David Roche, Erwan Kerrien, Marie Duflot-Kremer, Sonia Cruchon, Sophie de Quatrebarbes, Sylvie Boldoand more other contributors.\n<strong>Session 1: since March 15, 2019<\/strong>\n\n<hr \/>\n\n<a href=\"https:\/\/learninglab.inria.fr\/files\/2018\/11\/Thymio-bulle2.png\"><img loading=\"lazy\" decoding=\"async\" class=\"alignleft wp-image-1970\" src=\"https:\/\/learninglab.inria.fr\/files\/2018\/11\/Thymio-bulle2.png\" alt=\"\" width=\"160\" height=\"149\" srcset=\"https:\/\/learninglab.inria.fr\/files\/2018\/11\/Thymio-bulle2.png 177w, https:\/\/learninglab.inria.fr\/files\/2018\/11\/Thymio-bulle2-161x150.png 161w, https:\/\/learninglab.inria.fr\/files\/2018\/11\/Thymio-bulle2-150x140.png 150w\" sizes=\"auto, (max-width: 160px) 100vw, 160px\" \/><\/a><strong>MOOC <a href=\"https:\/\/www.fun-mooc.fr\/courses\/course-v1:inria+41017+session01\/about\">Le robot Thymio comme outil de d\u00e9couverte des sciences du num\u00e9rique<\/a><\/strong> <strong>(FR)<\/strong>\n\nTeachers : Evgeniia Bonnet, Morgane Chevalier, Fr\u00e9d\u00e9rique Lazzarotto, Francesco Mondada, Emmanuel Page, Jo\u00ebl Rivet, Didier Roy\n\n<strong>Session 1: since October 24, 2018\n<\/strong>\n\n<hr \/>\n\n<img loading=\"lazy\" decoding=\"async\" class=\"alignleft wp-image-1209\" src=\"https:\/\/learninglab.inria.fr\/files\/2016\/10\/web-of-linked-data-bulle.png\" width=\"158\" height=\"119\" srcset=\"https:\/\/learninglab.inria.fr\/files\/2016\/10\/web-of-linked-data-bulle.png 219w, https:\/\/learninglab.inria.fr\/files\/2016\/10\/web-of-linked-data-bulle-150x113.png 150w\" sizes=\"auto, (max-width: 158px) 100vw, 158px\" \/>\n\n<strong>MOOC <a href=\"https:\/\/learninglab.inria.fr\/introduction-to-a-web-of-linked-data\/\">Introduction to a Web of Linked Data<\/a> (EN)<\/strong>\nTeachers: Fabien Gandon, Olivier Corby and Catherine Faron-Zucker\nSession 1: From November 21 to December 11, 2016\nSession 2: From May 9 to June 22, 2017\nSession 3: From September 25 to October 29, 2017\n<strong>Session 4: since February 4, 2019\n<\/strong>\n\n<hr \/>\n\n<img loading=\"lazy\" decoding=\"async\" class=\" wp-image-857 alignleft\" src=\"https:\/\/learninglab.inria.fr\/files\/2015\/12\/C025FG-rond-218x165.png\" alt=\"C025FG-rond-218x165\" width=\"160\" height=\"121\" srcset=\"https:\/\/learninglab.inria.fr\/files\/2015\/12\/C025FG-rond-218x165.png 218w, https:\/\/learninglab.inria.fr\/files\/2015\/12\/C025FG-rond-218x165-150x114.png 150w\" sizes=\"auto, (max-width: 160px) 100vw, 160px\" \/>\n\n<strong>MOOC <a href=\"https:\/\/learninglab.inria.fr\/mooc-web-semantique-et-web-de-donnees\/\">Web S\u00e9mantique et Web de donn\u00e9es<\/a> (FR)\n<\/strong>Teachers: Fabien Gandon, Olivier Corby and Catherine Faron-Zucker\nSession 1: From March 2 to April 17, 2015\nSession 2: From March 7 to May 1st, 2016\nSession 3: From September 25 to December 3, 2017\n<strong>Session 4: since February 4, 2019\n<\/strong>\n\n<hr \/>\n\n<strong><strong><img loading=\"lazy\" decoding=\"async\" class=\"alignleft wp-image-1075\" src=\"https:\/\/learninglab.inria.fr\/files\/2019\/07\/python-rond3.png\" alt=\"Image Mooc Python rond\" width=\"160\" height=\"121\" \/>MOOC <a href=\"https:\/\/www.fun-mooc.fr\/courses\/course-v1:UCA+107001+session02\/about\">Python3 : des fondamentaux aux concepts avanc\u00e9s du langage<\/a> (FR)\nUCA\/Inria<\/strong>\n<\/strong>Teachers: Arnaud Legout et Thierry Parmentelat<strong>\n<\/strong>Session 1: from November 6, 2017 to January 28,2018<strong>\n<strong>Session 2: from September 17, 2018 <\/strong><\/strong>\n\n<hr \/>\n\n<h1 style=\"text-align: center;\"><em><strong>Archived MOOCs open for registration\n<\/strong><\/em><\/h1>\nThese courses are open for registration. The contents are available but the course is not animated by the pedagogical team and is not evaluated (no certificate is issued).\n\n<hr \/>\n\n<img loading=\"lazy\" decoding=\"async\" class=\" wp-image-857 alignleft\" src=\"https:\/\/learninglab.inria.fr\/files\/2018\/02\/C029CL-Illustration-e1539012390680.jpg\" alt=\"C029CL-rond-218x165\" width=\"160\" height=\"121\" \/>\n<strong>MOOC <a href=\"https:\/\/www.fun-mooc.fr\/courses\/course-v1:inria+41015+archiveouvert\/about\">Protection de la vie priv\u00e9e dans le monde num\u00e9rique<\/a> (FR)<\/strong>\n\nTeachers : C\u00e9dric Lauradoux &amp; Vincent Roca\nSession 1: From January 29 to March 18, 2018\nSession 2: From November 5, 2018 to January 7, 2019\nSession 3: From May 6 to June 30, 2019\nSession 4: From March 9 to May 20, 2020\n\n<hr \/>\n\n<img loading=\"lazy\" decoding=\"async\" class=\" wp-image-857 alignleft\" src=\"https:\/\/learninglab.inria.fr\/files\/2018\/10\/C031VI-ronde-web.jpg\" alt=\"C031VI-ronde-218x165 - \u00a9 Inria \/ Photo G. Scagnelli\" width=\"160\" height=\"121\" \/><strong>MOOC <a href=\"https:\/\/learninglab.inria.fr\/mooc-participation-citoyenne-methodes-et-civic-tech\/\">Participation citoyenne : M\u00e9thodes et Civic tech<\/a> (FR)<\/strong>\n\nTeachers : Rafael Angarita, Elian Belon, Erwan Dagorne, Tifenn Durand, Judith Ferrando et Val\u00e9rie Issarny\n\nSession 1 : du 26 novembre 2018 au 26 mars 2019\nSession 2 : du 7 octobre au 22 novembre 2019\n\n<hr \/>\n\n<strong><img loading=\"lazy\" decoding=\"async\" class=\"alignleft size-full wp-image-815\" src=\"https:\/\/learninglab.inria.fr\/files\/2015\/10\/C020VI-Rond-218x165.png\" alt=\"C020VI-Rond-218x165\" width=\"160\" height=\"121\" srcset=\"https:\/\/learninglab.inria.fr\/files\/2015\/10\/C020VI-Rond-218x165.png 218w, https:\/\/learninglab.inria.fr\/files\/2015\/10\/C020VI-Rond-218x165-150x114.png 150w\" sizes=\"auto, (max-width: 160px) 100vw, 160px\" \/>MOOC <a href=\"https:\/\/learninglab.inria.fr\/en\/mooc-villes-intelligentes-nouvelle-session-longue-duree\/\">Technological challenges of participatory smart cities<\/a> (EN)<\/strong>\nTeachers : Val\u00e9rie Issarny, Nathalie Mitton, Nicolas Anciaux, St\u00e9phane Grumbach, Christine Morin, Animesh Pathak and Herv\u00e9 Rivano\n<p style=\"padding-left: 180px;\">Session 1 : from June 24, 2019 to June 23, 2020<\/p>\n\n\n<hr \/>\n\n<strong><img loading=\"lazy\" decoding=\"async\" class=\"alignleft size-full wp-image-1075\" src=\"https:\/\/learninglab.inria.fr\/files\/2016\/08\/rond_MOOC_access.png\" alt=\"rond_MOOC_access\" width=\"160\" height=\"121\" srcset=\"https:\/\/learninglab.inria.fr\/files\/2016\/08\/rond_MOOC_access.png 218w, https:\/\/learninglab.inria.fr\/files\/2016\/08\/rond_MOOC_access-150x114.png 150w\" sizes=\"auto, (max-width: 160px) 100vw, 160px\" \/>MOOC <a href=\"https:\/\/learninglab.inria.fr\/mooc-accessibilite-numerique-en-novembre-sur-fun\/\">Accessibilit\u00e9 Num\u00e9rique<\/a> (FR)\n<\/strong>Teachers: Pascal Guitton and H\u00e9l\u00e8ne Sauz\u00e9on\nSession 1: From November 7 to December 11, 2016\nSession 2: From May 9 to June 26, 2017\nSession 3: From May 14 to July 9, 2018\nSession 4: from Decemer 3, 2018 to December 27, 2019\n\n<hr \/>\n\n<img loading=\"lazy\" decoding=\"async\" class=\"alignleft wp-image-1384 \" src=\"https:\/\/learninglab.inria.fr\/files\/2017\/01\/C021TV-icn-bulle.png\" width=\"162\" height=\"123\" srcset=\"https:\/\/learninglab.inria.fr\/files\/2017\/01\/C021TV-icn-bulle.png 217w, https:\/\/learninglab.inria.fr\/files\/2017\/01\/C021TV-icn-bulle-150x114.png 150w\" sizes=\"auto, (max-width: 162px) 100vw, 162px\" \/>\n\n<strong>MOOC <a href=\"https:\/\/learninglab.inria.fr\/mooc-icn-informatique-and-creation-numerique\/\">Se former pour l&#8217;ICN (Informatique and Cr\u00e9ation Num\u00e9rique)<\/a> (FR)<\/strong>\n\nTeachers : Brice Goglin, David Roche, Erwan Kerrien, Estelle Tassy, Philippe Lucaud, Sylvie Boldo and many others\n\nSession 1: From February 20, 2017 to July 31, 2019<strong>\n<\/strong>\n\n<hr \/>\n\n<img loading=\"lazy\" decoding=\"async\" class=\"alignleft size-full wp-image-692\" src=\"https:\/\/learninglab.inria.fr\/files\/2015\/04\/rond2_MOOC_crypto.png\" alt=\"rond_MOOC_crypto \u00a9 Sergey Nivens \u2013 Fotolia.com\" width=\"160\" height=\"121\" srcset=\"https:\/\/learninglab.inria.fr\/files\/2015\/04\/rond2_MOOC_crypto.png 218w, https:\/\/learninglab.inria.fr\/files\/2015\/04\/rond2_MOOC_crypto-150x113.png 150w\" sizes=\"auto, (max-width: 160px) 100vw, 160px\" \/>\n\n<strong>MOOC <a href=\"https:\/\/learninglab.inria.fr\/mooc-code-based-cryptography\/\">Code-based Cryptography<\/a> (EN)<\/strong>\n\nTeachers: Ir\u00e8ne Marquez-Corbella, Nicolas Sendrier and Mathieu Finiasz\n\nSession 1: From May 25 to June 28, 2015\nSession 2: From May 23 to July 26, 2016\n\n<hr \/>\n\n<img loading=\"lazy\" decoding=\"async\" class=\"alignleft size-full wp-image-689\" src=\"https:\/\/learninglab.inria.fr\/files\/2015\/04\/rond2_MOOC_AutonomousVehicles.png\" alt=\"rond MOOC autonomous vehicles \u00a9 Inria d\u2019apr\u00e8s \u00a9 chombosan and \u00a9 bigpa \u2013 Fotolia.com\" width=\"160\" height=\"121\" srcset=\"https:\/\/learninglab.inria.fr\/files\/2015\/04\/rond2_MOOC_AutonomousVehicles.png 218w, https:\/\/learninglab.inria.fr\/files\/2015\/04\/rond2_MOOC_AutonomousVehicles-150x113.png 150w\" sizes=\"auto, (max-width: 160px) 100vw, 160px\" \/>\n\n<strong>MOOC <a href=\"https:\/\/learninglab.inria.fr\/mooc-mobile-robots-autonomous-vehicles\/\">Mobile robots and Autonomous vehicles<\/a> (EN)<\/strong>\n\nTeachers: Christian Laugier, Agostino Martinelli and Dizan Vasquez\n\nSession 1: From May 18 to July 21, 2015\nSession 2: From February 8 to March 27, 2016\n\n<hr \/>\n\n<img loading=\"lazy\" decoding=\"async\" class=\"alignleft size-full wp-image-690\" src=\"https:\/\/learninglab.inria.fr\/files\/2015\/04\/rond2_MOOC_BinauralHearing.png\" alt=\"rond_MOOC_BinauralHearing \u00a9 Inria \/ Photo H. Raguet \/ modifi\u00e9e V. Peregrin\" width=\"160\" height=\"121\" srcset=\"https:\/\/learninglab.inria.fr\/files\/2015\/04\/rond2_MOOC_BinauralHearing.png 218w, https:\/\/learninglab.inria.fr\/files\/2015\/04\/rond2_MOOC_BinauralHearing-150x113.png 150w\" sizes=\"auto, (max-width: 160px) 100vw, 160px\" \/>\n\n<strong>MOOC <a href=\"https:\/\/learninglab.inria.fr\/mooc-binaural-hearing-robots\/\">Binaural Hearing for Robots<\/a> (EN)<\/strong>\n\nTeacher: Radu Horaud\n\nSession 1: From May 11 to July 12, 2015\n\n<hr \/>\n\n<strong><img loading=\"lazy\" decoding=\"async\" class=\"alignleft size-full wp-image-691\" src=\"https:\/\/learninglab.inria.fr\/files\/2015\/04\/rond2_MOOC_Bioinformatique.png\" alt=\"rond MOOC Bioinformatique \u00a9 rolffimages \u2013 Fotolia.com\" width=\"160\" height=\"121\" srcset=\"https:\/\/learninglab.inria.fr\/files\/2015\/04\/rond2_MOOC_Bioinformatique.png 218w, https:\/\/learninglab.inria.fr\/files\/2015\/04\/rond2_MOOC_Bioinformatique-150x113.png 150w\" sizes=\"auto, (max-width: 160px) 100vw, 160px\" \/>MOOC <a href=\"https:\/\/www.fun-mooc.fr\/courses\/course-v1:inria+41007+archiveouvert\/about\" target=\"_blank\" rel=\"noopener\">Bioinformatics: Genomes and Algorithms<\/a> (EN)<\/strong>\n\nTeachers : Fran\u00e7ois Rechenmann, Thierry Parmentelat\n<p style=\"padding-left: 180px;\">Session 1 : from November 2 to au December 13, 2015\nSession 2 : from May 15 to July 2, 2017<\/p>\n\n\n<hr \/>\n\n<h1 style=\"text-align: center;\"><em><strong>Closed to registration MOOCs<\/strong><\/em><\/h1>\n\n<hr \/>\n\n<strong><img loading=\"lazy\" decoding=\"async\" class=\"alignleft size-full wp-image-815\" src=\"https:\/\/learninglab.inria.fr\/files\/2020\/01\/C034AA-Rond-218x165.png\" alt=\"C034AA-Rond-218x165\" width=\"160\" height=\"121\" \/>MOOC <a href=\"https:\/\/learninglab.inria.fr\/en\/mooc-linternet-des-objets-sur-microcontroleurs-par-la-pratique\/\/\">Internet of Things with Microcontrollers: a hands-on course<\/a> (EN)<\/strong>\nTeachers : Alexandre Abadie, Emmanuel Baccelli, Antoine Gallais, Olivier Gladin, Nathalie Mitton, Fr\u00e9d\u00e9ric Saint-Marcel, Guillaume Schreiner, Laurent Tourtain and Julien Vanda\u00eble.\n\nSession 3: from April 12 to June 15, 2022<strong>\n<\/strong>Session 2: from February 1 to March 31, 2021<strong>\n<\/strong>Session 1: from March 30 \u2013 May 25, 2020\n\n<hr \/>\n\n<strong><img loading=\"lazy\" decoding=\"async\" class=\"size-full wp-image-691 alignleft\" src=\"https:\/\/learninglab.inria.fr\/files\/2015\/04\/rond2_MOOC_Bioinformatique.png\" alt=\"rond MOOC Bioinformatiqu \u00a9 rolffimages \u2013 Fotolia.com\" width=\"160\" height=\"121\" srcset=\"https:\/\/learninglab.inria.fr\/files\/2015\/04\/rond2_MOOC_Bioinformatique.png 218w, https:\/\/learninglab.inria.fr\/files\/2015\/04\/rond2_MOOC_Bioinformatique-150x113.png 150w\" sizes=\"auto, (max-width: 160px) 100vw, 160px\" \/>MOOC <a href=\"https:\/\/learninglab.inria.fr\/mooc-bioinformatique-algorithmes-genomes\/\">Bioinformatique : algorithmes and g\u00e9nomes<\/a> (FR)<\/strong>\n<p style=\"padding-left: 180px;\">Teachers: Fran\u00e7ois Rechenmann with, from session 2, Thierry Parmentelat<\/p>\n<p style=\"padding-left: 180px;\">Session 1 (French): From May 4 to June 7, 2015\nSession 2 (augmented version) : From May 9 to July 26, 2016\nSession 3 (augmented bilingual version) : From May 15 to June 18, 2017\nSession 4: From May 13, 2019 to May 14, 2021<\/p>\n\n\n<hr \/>\n\n<strong><img loading=\"lazy\" decoding=\"async\" class=\"alignleft size-full wp-image-972\" src=\"https:\/\/learninglab.inria.fr\/files\/2016\/02\/mooc-pharobulle1.png\" alt=\"mooc-pharobulle\" width=\"160\" height=\"121\" srcset=\"https:\/\/learninglab.inria.fr\/files\/2016\/02\/mooc-pharobulle1.png 218w, https:\/\/learninglab.inria.fr\/files\/2016\/02\/mooc-pharobulle1-150x114.png 150w\" sizes=\"auto, (max-width: 160px) 100vw, 160px\" \/>MOOC <a href=\"https:\/\/learninglab.inria.fr\/mooc-programmation-objet-immersive-en-pharo-live-object-programming-in-pharo-bientot-sur-fun\/\">Programmation objet immersive en Pharo \/ Live Object Programming in Pharo<\/a> (FR\/EN)\n<\/strong>Teachers: St\u00e9phane Ducasse, Damien Cassou and Luc Fabresse\n<p style=\"padding-left: 180px;\">Session 1: From May 2 to July 19, 2016\nSession 2: From October 16 to December 3, 2017\nSession 3: From October 8, 2018 to January 20, 2019\nSession 4: from May6, 2019 to December 20, 2020<\/p>\n\n\n<hr \/>\n\n<img loading=\"lazy\" decoding=\"async\" class=\"alignleft size-full wp-image-963\" src=\"https:\/\/learninglab.inria.fr\/files\/2016\/03\/C023TF-image-cours-bulle.png\" alt=\"C023TF-image-cours-bulle\" width=\"160\" height=\"121\" srcset=\"https:\/\/learninglab.inria.fr\/files\/2016\/03\/C023TF-image-cours-bulle.png 218w, https:\/\/learninglab.inria.fr\/files\/2016\/03\/C023TF-image-cours-bulle-150x114.png 150w\" sizes=\"auto, (max-width: 160px) 100vw, 160px\" \/>\n\n<strong>MOOC <a href=\"https:\/\/learninglab.inria.fr\/mooc-internet-measurements-a-hands-on-introduction\/\">Internet Measurements: a Hands-on Introduction<\/a> (EN)<\/strong>\n\nTeachers: Timur Freidman and Renata Teixera\nSession 1: From May, 23 to July 10, 2016\nSession 2: From September 18 to November 5, 2017\nSession 3: From April 3 to June 3, 2018\n\n<hr \/>\n\n<img loading=\"lazy\" decoding=\"async\" class=\" wp-image-785 alignleft\" src=\"https:\/\/learninglab.inria.fr\/files\/2015\/07\/rond-Mooc-Python-2.png\" alt=\"rond-Mooc-Python-2\" width=\"160\" height=\"121\" srcset=\"https:\/\/learninglab.inria.fr\/files\/2015\/07\/rond-Mooc-Python-2.png 218w, https:\/\/learninglab.inria.fr\/files\/2015\/07\/rond-Mooc-Python-2-150x114.png 150w\" sizes=\"auto, (max-width: 160px) 100vw, 160px\" \/>\n\n<strong>MOOC <a href=\"https:\/\/learninglab.inria.fr\/mooc-python-fondamentaux-utilisation-langage\/\">Python : des fondamentaux \u00e0 l&#8217;utilisation From langage<\/a> (FR)<\/strong>\n\nTeachers: Arnaud Legout and Thierry Parmentelat\nSession 1: From November 3rd to December 21, 2014\nSession 2: From September 14 to November 1st, 2015\nSession 3: From September 26 to November 13, 2016\n\n<hr \/>\n\n<img loading=\"lazy\" decoding=\"async\" class=\"alignleft size-full wp-image-817\" src=\"https:\/\/learninglab.inria.fr\/files\/2015\/10\/C018SA-Rond-218x165.png\" alt=\"C018SA-Rond-218x165\" width=\"160\" height=\"121\" srcset=\"https:\/\/learninglab.inria.fr\/files\/2015\/10\/C018SA-Rond-218x165.png 218w, https:\/\/learninglab.inria.fr\/files\/2015\/10\/C018SA-Rond-218x165-150x114.png 150w\" sizes=\"auto, (max-width: 160px) 100vw, 160px\" \/>\n<strong>MOOC <a href=\"https:\/\/learninglab.inria.fr\/mooc-bases-de-donnees-relationnelles\">Bases de donn\u00e9es relationnelles : Comprendre pour ma\u00eetriser<\/a> (FR)\n<\/strong>Teachers: Serge Abiteboul, Benjamin Nguyen and Philippe Rigaux\nSession 1: From January 18 to February 28, 2016\nSession 2: From January 23 to April 7, 2017\n\n<hr \/>","protected":false},"excerpt":{"rendered":"<p>This page lists all the MOOCs produced by Inria Learning Lab and released on FUN platform. Click on the title of the MOOC to get more information. The Mooc are not all available in english. The videos of some courses are available on Canal-U. MOOCs currently active and open for\u2026<\/p>\n<p class=\"continue-reading-button\"> <a class=\"continue-reading-link\" href=\"https:\/\/learninglab.inria.fr\/en\/cours\/\">Read more<i class=\"crycon-right-dir\"><\/i><\/a><\/p>\n","protected":false},"author":405,"featured_media":0,"parent":0,"menu_order":4,"comment_status":"closed","ping_status":"closed","template":"","meta":{"twitterCardType":"summary_large_image","cardImageID":0,"cardImage":"","cardTitle":"","cardDesc":"","cardImageAlt":"","cardPlayer":"","cardPlayerWidth":0,"cardPlayerHeight":0,"cardPlayerStream":"","cardPlayerCodec":"","footnotes":""},"class_list":["post-1134","page","type-page","status-publish","hentry"],"_links":{"self":[{"href":"https:\/\/learninglab.inria.fr\/en\/wp-json\/wp\/v2\/pages\/1134","targetHints":{"allow":["GET"]}}],"collection":[{"href":"https:\/\/learninglab.inria.fr\/en\/wp-json\/wp\/v2\/pages"}],"about":[{"href":"https:\/\/learninglab.inria.fr\/en\/wp-json\/wp\/v2\/types\/page"}],"author":[{"embeddable":true,"href":"https:\/\/learninglab.inria.fr\/en\/wp-json\/wp\/v2\/users\/405"}],"replies":[{"embeddable":true,"href":"https:\/\/learninglab.inria.fr\/en\/wp-json\/wp\/v2\/comments?post=1134"}],"version-history":[{"count":288,"href":"https:\/\/learninglab.inria.fr\/en\/wp-json\/wp\/v2\/pages\/1134\/revisions"}],"predecessor-version":[{"id":4498,"href":"https:\/\/learninglab.inria.fr\/en\/wp-json\/wp\/v2\/pages\/1134\/revisions\/4498"}],"wp:attachment":[{"href":"https:\/\/learninglab.inria.fr\/en\/wp-json\/wp\/v2\/media?parent=1134"}],"curies":[{"name":"wp","href":"https:\/\/api.w.org\/{rel}","templated":true}]}}